{"id":9263,"date":"2025-08-07T09:56:55","date_gmt":"2025-08-07T09:56:55","guid":{"rendered":"https:\/\/dreamsvoyage.com\/safari\/"},"modified":"2025-08-10T11:36:16","modified_gmt":"2025-08-10T11:36:16","slug":"safari","status":"publish","type":"page","link":"https:\/\/dreamsvoyage.com\/ro\/safari\/","title":{"rendered":"Safari"},"content":{"rendered":"\t\t<div data-elementor-type=\"wp-page\" data-elementor-id=\"9263\" class=\"elementor elementor-9263 elementor-4962\">\n\t\t\t\t<div class=\"elementor-element elementor-element-ea9345c e-flex e-con-boxed e-con e-parent\" data-id=\"ea9345c\" data-element_type=\"container\" data-e-type=\"container\" data-settings=\"{&quot;background_background&quot;:&quot;classic&quot;}\">\n\t\t\t\t\t<div class=\"e-con-inner\">\n\t\t\t\t<div class=\"elementor-element elementor-element-9ff7cbd elementor-widget elementor-widget-heading\" data-id=\"9ff7cbd\" data-element_type=\"widget\" data-e-type=\"widget\" data-widget_type=\"heading.default\">\n\t\t\t\t<div class=\"elementor-widget-container\">\n\t\t\t\t\t<h2 class=\"elementor-heading-title elementor-size-default\">SAFARI<\/h2>\t\t\t\t<\/div>\n\t\t\t\t<\/div>\n\t\t\t\t<div class=\"elementor-element elementor-element-fa910e5 elementor-widget elementor-widget-shortcode\" data-id=\"fa910e5\" data-element_type=\"widget\" data-e-type=\"widget\" data-widget_type=\"shortcode.default\">\n\t\t\t\t<div class=\"elementor-widget-container\">\n\t\t\t\t\t\t\t<div class=\"elementor-shortcode\"><div class=\"woocommerce columns-4 \"><ul class=\"products columns-4\">\n<li class=\"desktop-align-left tablet-align-left mobile-align-left product type-product post-9366 status-publish first instock product_cat-safari-ro has-post-thumbnail sale virtual purchasable product-type-simple\">\n\t<a href=\"https:\/\/dreamsvoyage.com\/ro\/produs\/safari-de-dimineata-cu-quad-de-3-ore-din-sharm-el-sheikh\/\" class=\"woocommerce-LoopProduct-link woocommerce-loop-product__link\">\n\t<span  class=\"onsale\" data-notification=\"default\">Reducere!<\/span>\n\t<img decoding=\"async\" width=\"200\" height=\"200\" src=\"https:\/\/dreamsvoyage.com\/wp-content\/uploads\/2025\/08\/WhatsApp-Image-2025-07-30-at-18.57.00-scaled-200x200.jpeg\" class=\"attachment-woocommerce_thumbnail size-woocommerce_thumbnail\" alt=\"Safari de diminea\u021b\u0103 cu quad de 3 ore din Sharm El Sheikh\" srcset=\"https:\/\/dreamsvoyage.com\/wp-content\/uploads\/2025\/08\/WhatsApp-Image-2025-07-30-at-18.57.00-scaled-200x200.jpeg 200w, https:\/\/dreamsvoyage.com\/wp-content\/uploads\/2025\/08\/WhatsApp-Image-2025-07-30-at-18.57.00-scaled-100x100.jpeg 100w, https:\/\/dreamsvoyage.com\/wp-content\/uploads\/2025\/08\/WhatsApp-Image-2025-07-30-at-18.57.00-150x150.jpeg 150w\" sizes=\"(max-width: 200px) 100vw, 200px\" title=\"Safari\"><h2 class=\"woocommerce-loop-product__title\">Safari de diminea\u021b\u0103 cu quad de 3 ore din Sharm El Sheikh<\/h2>\n\t<span class=\"price\"><del aria-hidden=\"true\"><span class=\"woocommerce-Price-amount amount\"><bdi>15,00&nbsp;<span class=\"woocommerce-Price-currencySymbol\">&euro;<\/span><\/bdi><\/span><\/del> <span class=\"screen-reader-text\">Pre\u021bul ini\u021bial a fost: 15,00&nbsp;&euro;.<\/span><ins aria-hidden=\"true\"><span class=\"woocommerce-Price-amount amount\"><bdi>12,00&nbsp;<span class=\"woocommerce-Price-currencySymbol\">&euro;<\/span><\/bdi><\/span><\/ins><span class=\"screen-reader-text\">Pre\u021bul curent este: 12,00&nbsp;&euro;.<\/span><\/span>\n<\/a><a href=\"\/ro\/wp-json\/wp\/v2\/pages\/9263?add-to-cart=9366\" aria-describedby=\"woocommerce_loop_add_to_cart_link_describedby_9366\" data-quantity=\"1\" class=\"button product_type_simple add_to_cart_button ajax_add_to_cart text_replaceable\" data-product_id=\"9366\" data-product_sku=\"\" aria-label=\"Adaug\u0103 \u00een co\u0219: &amp;lbquo;Safari de diminea\u021b\u0103 cu quad de 3 ore din Sharm El Sheikh&rdquo;\" rel=\"nofollow\" data-success_message=\"&bdquo;Safari de diminea\u021b\u0103 cu quad de 3 ore din Sharm El Sheikh&rdquo; a fost ad\u0103ugat \u00een co\u0219\" data-product_price=\"12\" data-product_name=\"Safari de diminea\u021b\u0103 cu quad de 3 ore din Sharm El Sheikh\" data-google_product_id=\"\" role=\"button\">Book Now<\/a>\t<span id=\"woocommerce_loop_add_to_cart_link_describedby_9366\" class=\"screen-reader-text\">\n\t\t\t<\/span>\n<\/li>\n<\/ul>\n<\/div><\/div>\n\t\t\t\t\t\t<\/div>\n\t\t\t\t<\/div>\n\t\t\t\t\t<\/div>\n\t\t\t\t<\/div>\n\t\t\t\t<\/div>\n\t\t","protected":false},"excerpt":{"rendered":"<p>SAFARI<\/p>\n","protected":false},"author":1,"featured_media":0,"parent":0,"menu_order":0,"comment_status":"closed","ping_status":"closed","template":"","meta":{"site-sidebar-layout":"no-sidebar","site-content-layout":"page-builder","ast-site-content-layout":"full-width-container","site-content-style":"default","site-sidebar-style":"default","ast-global-header-display":"","ast-banner-title-visibility":"","ast-main-header-display":"","ast-hfb-above-header-display":"","ast-hfb-below-header-display":"","ast-hfb-mobile-header-display":"","site-post-title":"disabled","ast-breadcrumbs-content":"","ast-featured-img":"disabled","footer-sml-layout":"","ast-disable-related-posts":"","theme-transparent-header-meta":"","adv-header-id-meta":"","stick-header-meta":"","header-above-stick-meta":"","header-main-stick-meta":"","header-below-stick-meta":"","astra-migrate-meta-layouts":"default","ast-page-background-enabled":"default","ast-page-background-meta":{"desktop":{"background-color":"","background-image":"","background-repeat":"repeat","background-position":"center center","background-size":"auto","background-attachment":"scroll","background-type":"","background-media":"","overlay-type":"","overlay-color":"","overlay-opacity":"","overlay-gradient":""},"tablet":{"background-color":"","background-image":"","background-repeat":"repeat","background-position":"center center","background-size":"auto","background-attachment":"scroll","background-type":"","background-media":"","overlay-type":"","overlay-color":"","overlay-opacity":"","overlay-gradient":""},"mobile":{"background-color":"","background-image":"","background-repeat":"repeat","background-position":"center center","background-size":"auto","background-attachment":"scroll","background-type":"","background-media":"","overlay-type":"","overlay-color":"","overlay-opacity":"","overlay-gradient":""}},"ast-content-background-meta":{"desktop":{"background-color":"var(--ast-global-color-5)","background-image":"","background-repeat":"repeat","background-position":"center center","background-size":"auto","background-attachment":"scroll","background-type":"","background-media":"","overlay-type":"","overlay-color":"","overlay-opacity":"","overlay-gradient":""},"tablet":{"background-color":"var(--ast-global-color-5)","background-image":"","background-repeat":"repeat","background-position":"center center","background-size":"auto","background-attachment":"scroll","background-type":"","background-media":"","overlay-type":"","overlay-color":"","overlay-opacity":"","overlay-gradient":""},"mobile":{"background-color":"var(--ast-global-color-5)","background-image":"","background-repeat":"repeat","background-position":"center center","background-size":"auto","background-attachment":"scroll","background-type":"","background-media":"","overlay-type":"","overlay-color":"","overlay-opacity":"","overlay-gradient":""}},"footnotes":""},"class_list":["post-9263","page","type-page","status-publish","hentry"],"_links":{"self":[{"href":"https:\/\/dreamsvoyage.com\/ro\/wp-json\/wp\/v2\/pages\/9263","targetHints":{"allow":["GET"]}}],"collection":[{"href":"https:\/\/dreamsvoyage.com\/ro\/wp-json\/wp\/v2\/pages"}],"about":[{"href":"https:\/\/dreamsvoyage.com\/ro\/wp-json\/wp\/v2\/types\/page"}],"author":[{"embeddable":true,"href":"https:\/\/dreamsvoyage.com\/ro\/wp-json\/wp\/v2\/users\/1"}],"replies":[{"embeddable":true,"href":"https:\/\/dreamsvoyage.com\/ro\/wp-json\/wp\/v2\/comments?post=9263"}],"version-history":[{"count":1,"href":"https:\/\/dreamsvoyage.com\/ro\/wp-json\/wp\/v2\/pages\/9263\/revisions"}],"predecessor-version":[{"id":9267,"href":"https:\/\/dreamsvoyage.com\/ro\/wp-json\/wp\/v2\/pages\/9263\/revisions\/9267"}],"wp:attachment":[{"href":"https:\/\/dreamsvoyage.com\/ro\/wp-json\/wp\/v2\/media?parent=9263"}],"curies":[{"name":"wp","href":"https:\/\/api.w.org\/{rel}","templated":true}]}}