{"id":9004,"date":"2025-08-07T10:59:45","date_gmt":"2025-08-07T10:59:45","guid":{"rendered":"https:\/\/dreamsvoyage.com\/tururi-culturale\/"},"modified":"2025-08-10T11:31:10","modified_gmt":"2025-08-10T11:31:10","slug":"tururi-culturale","status":"publish","type":"page","link":"https:\/\/dreamsvoyage.com\/ro\/tururi-culturale\/","title":{"rendered":"Tururi Culturale"},"content":{"rendered":"\t\t<div data-elementor-type=\"wp-page\" data-elementor-id=\"9004\" class=\"elementor elementor-9004 elementor-5024\">\n\t\t\t\t<div class=\"elementor-element elementor-element-55b6118 e-flex e-con-boxed e-con e-parent\" data-id=\"55b6118\" data-element_type=\"container\" data-e-type=\"container\" data-settings=\"{&quot;background_background&quot;:&quot;classic&quot;}\">\n\t\t\t\t\t<div class=\"e-con-inner\">\n\t\t\t\t<div class=\"elementor-element elementor-element-25a2466 elementor-widget elementor-widget-heading\" data-id=\"25a2466\" data-element_type=\"widget\" data-e-type=\"widget\" data-widget_type=\"heading.default\">\n\t\t\t\t<div class=\"elementor-widget-container\">\n\t\t\t\t\t<h2 class=\"elementor-heading-title elementor-size-default\">Tururi Culturale<\/h2>\t\t\t\t<\/div>\n\t\t\t\t<\/div>\n\t\t\t\t<div class=\"elementor-element elementor-element-66565ef elementor-widget elementor-widget-shortcode\" data-id=\"66565ef\" data-element_type=\"widget\" data-e-type=\"widget\" data-widget_type=\"shortcode.default\">\n\t\t\t\t<div class=\"elementor-widget-container\">\n\t\t\t\t\t\t\t<div class=\"elementor-shortcode\"><div class=\"woocommerce columns-3 \"><ul class=\"products columns-3\">\n<li class=\"desktop-align-left tablet-align-left mobile-align-left product type-product post-9250 status-publish first instock product_cat-uncategorized-ro has-post-thumbnail sale virtual purchasable product-type-simple\">\n\t<a href=\"https:\/\/dreamsvoyage.com\/ro\/produs\/ierusalim-si-marea-moarta-cu-autobuzul-din-sharm-el-sheikh\/\" class=\"woocommerce-LoopProduct-link woocommerce-loop-product__link\">\n\t<span  class=\"onsale\" data-notification=\"default\">Reducere!<\/span>\n\t<img decoding=\"async\" width=\"200\" height=\"200\" src=\"https:\/\/dreamsvoyage.com\/wp-content\/uploads\/2025\/08\/WhatsApp-Image-2025-07-30-at-18.29.36-200x200.jpeg\" class=\"attachment-woocommerce_thumbnail size-woocommerce_thumbnail\" alt=\"Ierusalim \u0219i Marea Moart\u0103 cu autobuzul din Sharm el Sheikh\" srcset=\"https:\/\/dreamsvoyage.com\/wp-content\/uploads\/2025\/08\/WhatsApp-Image-2025-07-30-at-18.29.36-200x200.jpeg 200w, https:\/\/dreamsvoyage.com\/wp-content\/uploads\/2025\/08\/WhatsApp-Image-2025-07-30-at-18.29.36-100x100.jpeg 100w, https:\/\/dreamsvoyage.com\/wp-content\/uploads\/2025\/08\/WhatsApp-Image-2025-07-30-at-18.29.36-150x150.jpeg 150w\" sizes=\"(max-width: 200px) 100vw, 200px\" title=\"Tururi Culturale\"><h2 class=\"woocommerce-loop-product__title\">Ierusalim \u0219i Marea Moart\u0103 cu autobuzul din Sharm el Sheikh<\/h2>\n\t<span class=\"price\"><del aria-hidden=\"true\"><span class=\"woocommerce-Price-amount amount\"><bdi>180,00&nbsp;<span class=\"woocommerce-Price-currencySymbol\">&euro;<\/span><\/bdi><\/span><\/del> <span class=\"screen-reader-text\">Pre\u021bul ini\u021bial a fost: 180,00&nbsp;&euro;.<\/span><ins aria-hidden=\"true\"><span class=\"woocommerce-Price-amount amount\"><bdi>145,00&nbsp;<span class=\"woocommerce-Price-currencySymbol\">&euro;<\/span><\/bdi><\/span><\/ins><span class=\"screen-reader-text\">Pre\u021bul curent este: 145,00&nbsp;&euro;.<\/span><\/span>\n<\/a><a href=\"\/ro\/wp-json\/wp\/v2\/pages\/9004?add-to-cart=9250\" aria-describedby=\"woocommerce_loop_add_to_cart_link_describedby_9250\" data-quantity=\"1\" class=\"button product_type_simple add_to_cart_button ajax_add_to_cart text_replaceable\" data-product_id=\"9250\" data-product_sku=\"\" aria-label=\"Adaug\u0103 \u00een co\u0219: &amp;lbquo;Ierusalim \u0219i Marea Moart\u0103 cu autobuzul din Sharm el Sheikh&rdquo;\" rel=\"nofollow\" data-success_message=\"&bdquo;Ierusalim \u0219i Marea Moart\u0103 cu autobuzul din Sharm el Sheikh&rdquo; a fost ad\u0103ugat \u00een co\u0219\" data-product_price=\"145\" data-product_name=\"Ierusalim \u0219i Marea Moart\u0103 cu autobuzul din Sharm el Sheikh\" data-google_product_id=\"\" role=\"button\">Book Now<\/a>\t<span id=\"woocommerce_loop_add_to_cart_link_describedby_9250\" class=\"screen-reader-text\">\n\t\t\t<\/span>\n<\/li>\n<li class=\"desktop-align-left tablet-align-left mobile-align-left product type-product post-9368 status-publish instock product_cat-uncategorized-ro has-post-thumbnail sale virtual purchasable product-type-simple\">\n\t<a href=\"https:\/\/dreamsvoyage.com\/ro\/produs\/luxor-cu-avionul-din-sharm-el-sheikh\/\" class=\"woocommerce-LoopProduct-link woocommerce-loop-product__link\">\n\t<span  class=\"onsale\" data-notification=\"default\">Reducere!<\/span>\n\t<img decoding=\"async\" width=\"200\" height=\"200\" src=\"https:\/\/dreamsvoyage.com\/wp-content\/uploads\/2025\/08\/WhatsApp-Image-2025-07-30-at-18.43.39-200x200.jpeg\" class=\"attachment-woocommerce_thumbnail size-woocommerce_thumbnail\" alt=\"Luxor cu avionul din Sharm el Sheikh\" srcset=\"https:\/\/dreamsvoyage.com\/wp-content\/uploads\/2025\/08\/WhatsApp-Image-2025-07-30-at-18.43.39-200x200.jpeg 200w, https:\/\/dreamsvoyage.com\/wp-content\/uploads\/2025\/08\/WhatsApp-Image-2025-07-30-at-18.43.39-100x100.jpeg 100w, https:\/\/dreamsvoyage.com\/wp-content\/uploads\/2025\/08\/WhatsApp-Image-2025-07-30-at-18.43.39-150x150.jpeg 150w\" sizes=\"(max-width: 200px) 100vw, 200px\" title=\"Tururi Culturale\"><h2 class=\"woocommerce-loop-product__title\">Luxor cu avionul din Sharm el Sheikh<\/h2>\n\t<span class=\"price\"><del aria-hidden=\"true\"><span class=\"woocommerce-Price-amount amount\"><bdi>240,00&nbsp;<span class=\"woocommerce-Price-currencySymbol\">&euro;<\/span><\/bdi><\/span><\/del> <span class=\"screen-reader-text\">Pre\u021bul ini\u021bial a fost: 240,00&nbsp;&euro;.<\/span><ins aria-hidden=\"true\"><span class=\"woocommerce-Price-amount amount\"><bdi>200,00&nbsp;<span class=\"woocommerce-Price-currencySymbol\">&euro;<\/span><\/bdi><\/span><\/ins><span class=\"screen-reader-text\">Pre\u021bul curent este: 200,00&nbsp;&euro;.<\/span><\/span>\n<\/a><a href=\"\/ro\/wp-json\/wp\/v2\/pages\/9004?add-to-cart=9368\" aria-describedby=\"woocommerce_loop_add_to_cart_link_describedby_9368\" data-quantity=\"1\" class=\"button product_type_simple add_to_cart_button ajax_add_to_cart text_replaceable\" data-product_id=\"9368\" data-product_sku=\"\" aria-label=\"Adaug\u0103 \u00een co\u0219: &amp;lbquo;Luxor cu avionul din Sharm el Sheikh&rdquo;\" rel=\"nofollow\" data-success_message=\"&bdquo;Luxor cu avionul din Sharm el Sheikh&rdquo; a fost ad\u0103ugat \u00een co\u0219\" data-product_price=\"200\" data-product_name=\"Luxor cu avionul din Sharm el Sheikh\" data-google_product_id=\"\" role=\"button\">Book Now<\/a>\t<span id=\"woocommerce_loop_add_to_cart_link_describedby_9368\" class=\"screen-reader-text\">\n\t\t\t<\/span>\n<\/li>\n<li class=\"desktop-align-left tablet-align-left mobile-align-left product type-product post-9173 status-publish last instock product_cat-uncategorized-ro has-post-thumbnail sale virtual purchasable product-type-simple\">\n\t<a href=\"https:\/\/dreamsvoyage.com\/ro\/produs\/rasaritul-pe-muntele-sinai-muntele-moise\/\" class=\"woocommerce-LoopProduct-link woocommerce-loop-product__link\">\n\t<span  class=\"onsale\" data-notification=\"default\">Reducere!<\/span>\n\t<img decoding=\"async\" width=\"200\" height=\"200\" src=\"https:\/\/dreamsvoyage.com\/wp-content\/uploads\/2025\/08\/WhatsApp-Image-2025-07-30-at-18.22.41-1-200x200.jpeg\" class=\"attachment-woocommerce_thumbnail size-woocommerce_thumbnail\" alt=\"R\u0103s\u0103ritul pe Muntele Sinai (muntele Moise)\" srcset=\"https:\/\/dreamsvoyage.com\/wp-content\/uploads\/2025\/08\/WhatsApp-Image-2025-07-30-at-18.22.41-1-200x200.jpeg 200w, https:\/\/dreamsvoyage.com\/wp-content\/uploads\/2025\/08\/WhatsApp-Image-2025-07-30-at-18.22.41-1-100x100.jpeg 100w, https:\/\/dreamsvoyage.com\/wp-content\/uploads\/2025\/08\/WhatsApp-Image-2025-07-30-at-18.22.41-1-150x150.jpeg 150w\" sizes=\"(max-width: 200px) 100vw, 200px\" title=\"Tururi Culturale\"><h2 class=\"woocommerce-loop-product__title\">R\u0103s\u0103ritul pe Muntele Sinai (muntele Moise)<\/h2>\n\t<span class=\"price\"><del aria-hidden=\"true\"><span class=\"woocommerce-Price-amount amount\"><bdi>22,00&nbsp;<span class=\"woocommerce-Price-currencySymbol\">&euro;<\/span><\/bdi><\/span><\/del> <span class=\"screen-reader-text\">Pre\u021bul ini\u021bial a fost: 22,00&nbsp;&euro;.<\/span><ins aria-hidden=\"true\"><span class=\"woocommerce-Price-amount amount\"><bdi>20,00&nbsp;<span class=\"woocommerce-Price-currencySymbol\">&euro;<\/span><\/bdi><\/span><\/ins><span class=\"screen-reader-text\">Pre\u021bul curent este: 20,00&nbsp;&euro;.<\/span><\/span>\n<\/a><a href=\"\/ro\/wp-json\/wp\/v2\/pages\/9004?add-to-cart=9173\" aria-describedby=\"woocommerce_loop_add_to_cart_link_describedby_9173\" data-quantity=\"1\" class=\"button product_type_simple add_to_cart_button ajax_add_to_cart text_replaceable\" data-product_id=\"9173\" data-product_sku=\"\" aria-label=\"Adaug\u0103 \u00een co\u0219: &amp;lbquo;R\u0103s\u0103ritul pe Muntele Sinai (muntele Moise)&rdquo;\" rel=\"nofollow\" data-success_message=\"&bdquo;R\u0103s\u0103ritul pe Muntele Sinai (muntele Moise)&rdquo; a fost ad\u0103ugat \u00een co\u0219\" data-product_price=\"20\" data-product_name=\"R\u0103s\u0103ritul pe Muntele Sinai (muntele Moise)\" data-google_product_id=\"\" role=\"button\">Book Now<\/a>\t<span id=\"woocommerce_loop_add_to_cart_link_describedby_9173\" class=\"screen-reader-text\">\n\t\t\t<\/span>\n<\/li>\n<li class=\"desktop-align-left tablet-align-left mobile-align-left product type-product post-9178 status-publish first instock product_cat-uncategorized-ro has-post-thumbnail sale virtual purchasable product-type-simple\">\n\t<a href=\"https:\/\/dreamsvoyage.com\/ro\/produs\/tur-de-o-zi-in-cairo-din-sharm-el-sheikh-cu-autobuzul\/\" class=\"woocommerce-LoopProduct-link woocommerce-loop-product__link\">\n\t<span  class=\"onsale\" data-notification=\"default\">Reducere!<\/span>\n\t<img loading=\"lazy\" decoding=\"async\" width=\"200\" height=\"200\" src=\"https:\/\/dreamsvoyage.com\/wp-content\/uploads\/2025\/08\/WhatsApp-Image-2025-07-30-at-18.27.24-200x200.jpeg\" class=\"attachment-woocommerce_thumbnail size-woocommerce_thumbnail\" alt=\"Tur de o zi \u00een Cairo din Sharm El Sheikh cu autobuzul\" srcset=\"https:\/\/dreamsvoyage.com\/wp-content\/uploads\/2025\/08\/WhatsApp-Image-2025-07-30-at-18.27.24-200x200.jpeg 200w, https:\/\/dreamsvoyage.com\/wp-content\/uploads\/2025\/08\/WhatsApp-Image-2025-07-30-at-18.27.24-100x100.jpeg 100w, https:\/\/dreamsvoyage.com\/wp-content\/uploads\/2025\/08\/WhatsApp-Image-2025-07-30-at-18.27.24-150x150.jpeg 150w\" sizes=\"(max-width: 200px) 100vw, 200px\" title=\"Tururi Culturale\"><h2 class=\"woocommerce-loop-product__title\">Tur de o zi \u00een Cairo din Sharm El Sheikh cu autobuzul<\/h2>\n\t<span class=\"price\"><del aria-hidden=\"true\"><span class=\"woocommerce-Price-amount amount\"><bdi>45,00&nbsp;<span class=\"woocommerce-Price-currencySymbol\">&euro;<\/span><\/bdi><\/span><\/del> <span class=\"screen-reader-text\">Pre\u021bul ini\u021bial a fost: 45,00&nbsp;&euro;.<\/span><ins aria-hidden=\"true\"><span class=\"woocommerce-Price-amount amount\"><bdi>43,00&nbsp;<span class=\"woocommerce-Price-currencySymbol\">&euro;<\/span><\/bdi><\/span><\/ins><span class=\"screen-reader-text\">Pre\u021bul curent este: 43,00&nbsp;&euro;.<\/span><\/span>\n<\/a><a href=\"\/ro\/wp-json\/wp\/v2\/pages\/9004?add-to-cart=9178\" aria-describedby=\"woocommerce_loop_add_to_cart_link_describedby_9178\" data-quantity=\"1\" class=\"button product_type_simple add_to_cart_button ajax_add_to_cart text_replaceable\" data-product_id=\"9178\" data-product_sku=\"\" aria-label=\"Adaug\u0103 \u00een co\u0219: &amp;lbquo;Tur de o zi \u00een Cairo din Sharm El Sheikh cu autobuzul&rdquo;\" rel=\"nofollow\" data-success_message=\"&bdquo;Tur de o zi \u00een Cairo din Sharm El Sheikh cu autobuzul&rdquo; a fost ad\u0103ugat \u00een co\u0219\" data-product_price=\"43\" data-product_name=\"Tur de o zi \u00een Cairo din Sharm El Sheikh cu autobuzul\" data-google_product_id=\"\" role=\"button\">Book Now<\/a>\t<span id=\"woocommerce_loop_add_to_cart_link_describedby_9178\" class=\"screen-reader-text\">\n\t\t\t<\/span>\n<\/li>\n<li class=\"desktop-align-left tablet-align-left mobile-align-left product type-product post-9255 status-publish instock product_cat-uncategorized-ro has-post-thumbnail sale virtual purchasable product-type-simple\">\n\t<a href=\"https:\/\/dreamsvoyage.com\/ro\/produs\/tur-de-o-zi-la-cairo-cu-avionul-din-sharm-el-sheikh\/\" class=\"woocommerce-LoopProduct-link woocommerce-loop-product__link\">\n\t<span  class=\"onsale\" data-notification=\"default\">Reducere!<\/span>\n\t<img loading=\"lazy\" decoding=\"async\" width=\"200\" height=\"200\" src=\"https:\/\/dreamsvoyage.com\/wp-content\/uploads\/2025\/08\/WhatsApp-Image-2025-07-30-at-18.26.29-1-200x200.jpeg\" class=\"attachment-woocommerce_thumbnail size-woocommerce_thumbnail\" alt=\"Tur de o zi la Cairo cu avionul din Sharm El Sheikh\" srcset=\"https:\/\/dreamsvoyage.com\/wp-content\/uploads\/2025\/08\/WhatsApp-Image-2025-07-30-at-18.26.29-1-200x200.jpeg 200w, https:\/\/dreamsvoyage.com\/wp-content\/uploads\/2025\/08\/WhatsApp-Image-2025-07-30-at-18.26.29-1-100x100.jpeg 100w, https:\/\/dreamsvoyage.com\/wp-content\/uploads\/2025\/08\/WhatsApp-Image-2025-07-30-at-18.26.29-1-150x150.jpeg 150w\" sizes=\"(max-width: 200px) 100vw, 200px\" title=\"Tururi Culturale\"><h2 class=\"woocommerce-loop-product__title\">Tur de o zi la Cairo cu avionul din Sharm El Sheikh<\/h2>\n\t<span class=\"price\"><del aria-hidden=\"true\"><span class=\"woocommerce-Price-amount amount\"><bdi>215,00&nbsp;<span class=\"woocommerce-Price-currencySymbol\">&euro;<\/span><\/bdi><\/span><\/del> <span class=\"screen-reader-text\">Pre\u021bul ini\u021bial a fost: 215,00&nbsp;&euro;.<\/span><ins aria-hidden=\"true\"><span class=\"woocommerce-Price-amount amount\"><bdi>175,00&nbsp;<span class=\"woocommerce-Price-currencySymbol\">&euro;<\/span><\/bdi><\/span><\/ins><span class=\"screen-reader-text\">Pre\u021bul curent este: 175,00&nbsp;&euro;.<\/span><\/span>\n<\/a><a href=\"\/ro\/wp-json\/wp\/v2\/pages\/9004?add-to-cart=9255\" aria-describedby=\"woocommerce_loop_add_to_cart_link_describedby_9255\" data-quantity=\"1\" class=\"button product_type_simple add_to_cart_button ajax_add_to_cart text_replaceable\" data-product_id=\"9255\" data-product_sku=\"\" aria-label=\"Adaug\u0103 \u00een co\u0219: &amp;lbquo;Tur de o zi la Cairo cu avionul din Sharm El Sheikh&rdquo;\" rel=\"nofollow\" data-success_message=\"&bdquo;Tur de o zi la Cairo cu avionul din Sharm El Sheikh&rdquo; a fost ad\u0103ugat \u00een co\u0219\" data-product_price=\"175\" data-product_name=\"Tur de o zi la Cairo cu avionul din Sharm El Sheikh\" data-google_product_id=\"\" role=\"button\">Book Now<\/a>\t<span id=\"woocommerce_loop_add_to_cart_link_describedby_9255\" class=\"screen-reader-text\">\n\t\t\t<\/span>\n<\/li>\n<li class=\"desktop-align-left tablet-align-left mobile-align-left product type-product post-9369 status-publish last instock product_cat-uncategorized-ro has-post-thumbnail sale virtual purchasable product-type-simple\">\n\t<a href=\"https:\/\/dreamsvoyage.com\/ro\/produs\/tur-de-o-zi-la-petra-iordania-din-sharm-el-sheikh\/\" class=\"woocommerce-LoopProduct-link woocommerce-loop-product__link\">\n\t<span  class=\"onsale\" data-notification=\"default\">Reducere!<\/span>\n\t<img loading=\"lazy\" decoding=\"async\" width=\"200\" height=\"200\" src=\"https:\/\/dreamsvoyage.com\/wp-content\/uploads\/2025\/08\/WhatsApp-Image-2025-07-30-at-18.38.25-200x200.jpeg\" class=\"attachment-woocommerce_thumbnail size-woocommerce_thumbnail\" alt=\"Tur de o zi la Petra (Iordania) din Sharm El Sheikh\" srcset=\"https:\/\/dreamsvoyage.com\/wp-content\/uploads\/2025\/08\/WhatsApp-Image-2025-07-30-at-18.38.25-200x200.jpeg 200w, https:\/\/dreamsvoyage.com\/wp-content\/uploads\/2025\/08\/WhatsApp-Image-2025-07-30-at-18.38.25-100x100.jpeg 100w, https:\/\/dreamsvoyage.com\/wp-content\/uploads\/2025\/08\/WhatsApp-Image-2025-07-30-at-18.38.25-150x150.jpeg 150w\" sizes=\"(max-width: 200px) 100vw, 200px\" title=\"Tururi Culturale\"><h2 class=\"woocommerce-loop-product__title\">Tur de o zi la Petra (Iordania) din Sharm El Sheikh<\/h2>\n\t<span class=\"price\"><del aria-hidden=\"true\"><span class=\"woocommerce-Price-amount amount\"><bdi>230,00&nbsp;<span class=\"woocommerce-Price-currencySymbol\">&euro;<\/span><\/bdi><\/span><\/del> <span class=\"screen-reader-text\">Pre\u021bul ini\u021bial a fost: 230,00&nbsp;&euro;.<\/span><ins aria-hidden=\"true\"><span class=\"woocommerce-Price-amount amount\"><bdi>203,00&nbsp;<span class=\"woocommerce-Price-currencySymbol\">&euro;<\/span><\/bdi><\/span><\/ins><span class=\"screen-reader-text\">Pre\u021bul curent este: 203,00&nbsp;&euro;.<\/span><\/span>\n<\/a><a href=\"\/ro\/wp-json\/wp\/v2\/pages\/9004?add-to-cart=9369\" aria-describedby=\"woocommerce_loop_add_to_cart_link_describedby_9369\" data-quantity=\"1\" class=\"button product_type_simple add_to_cart_button ajax_add_to_cart text_replaceable\" data-product_id=\"9369\" data-product_sku=\"\" aria-label=\"Adaug\u0103 \u00een co\u0219: &amp;lbquo;Tur de o zi la Petra (Iordania) din Sharm El Sheikh&rdquo;\" rel=\"nofollow\" data-success_message=\"&bdquo;Tur de o zi la Petra (Iordania) din Sharm El Sheikh&rdquo; a fost ad\u0103ugat \u00een co\u0219\" data-product_price=\"203\" data-product_name=\"Tur de o zi la Petra (Iordania) din Sharm El Sheikh\" data-google_product_id=\"\" role=\"button\">Book Now<\/a>\t<span id=\"woocommerce_loop_add_to_cart_link_describedby_9369\" class=\"screen-reader-text\">\n\t\t\t<\/span>\n<\/li>\n<\/ul>\n<\/div><\/div>\n\t\t\t\t\t\t<\/div>\n\t\t\t\t<\/div>\n\t\t\t\t\t<\/div>\n\t\t\t\t<\/div>\n\t\t\t\t<\/div>\n\t\t","protected":false},"excerpt":{"rendered":"<p>Tururi Culturale<\/p>\n","protected":false},"author":1,"featured_media":0,"parent":0,"menu_order":0,"comment_status":"closed","ping_status":"closed","template":"","meta":{"site-sidebar-layout":"no-sidebar","site-content-layout":"page-builder","ast-site-content-layout":"full-width-container","site-content-style":"default","site-sidebar-style":"default","ast-global-header-display":"","ast-banner-title-visibility":"","ast-main-header-display":"","ast-hfb-above-header-display":"","ast-hfb-below-header-display":"","ast-hfb-mobile-header-display":"","site-post-title":"disabled","ast-breadcrumbs-content":"","ast-featured-img":"disabled","footer-sml-layout":"","ast-disable-related-posts":"","theme-transparent-header-meta":"","adv-header-id-meta":"","stick-header-meta":"","header-above-stick-meta":"","header-main-stick-meta":"","header-below-stick-meta":"","astra-migrate-meta-layouts":"default","ast-page-background-enabled":"default","ast-page-background-meta":{"desktop":{"background-color":"","background-image":"","background-repeat":"repeat","background-position":"center center","background-size":"auto","background-attachment":"scroll","background-type":"","background-media":"","overlay-type":"","overlay-color":"","overlay-opacity":"","overlay-gradient":""},"tablet":{"background-color":"","background-image":"","background-repeat":"repeat","background-position":"center center","background-size":"auto","background-attachment":"scroll","background-type":"","background-media":"","overlay-type":"","overlay-color":"","overlay-opacity":"","overlay-gradient":""},"mobile":{"background-color":"","background-image":"","background-repeat":"repeat","background-position":"center center","background-size":"auto","background-attachment":"scroll","background-type":"","background-media":"","overlay-type":"","overlay-color":"","overlay-opacity":"","overlay-gradient":""}},"ast-content-background-meta":{"desktop":{"background-color":"var(--ast-global-color-5)","background-image":"","background-repeat":"repeat","background-position":"center center","background-size":"auto","background-attachment":"scroll","background-type":"","background-media":"","overlay-type":"","overlay-color":"","overlay-opacity":"","overlay-gradient":""},"tablet":{"background-color":"var(--ast-global-color-5)","background-image":"","background-repeat":"repeat","background-position":"center center","background-size":"auto","background-attachment":"scroll","background-type":"","background-media":"","overlay-type":"","overlay-color":"","overlay-opacity":"","overlay-gradient":""},"mobile":{"background-color":"var(--ast-global-color-5)","background-image":"","background-repeat":"repeat","background-position":"center center","background-size":"auto","background-attachment":"scroll","background-type":"","background-media":"","overlay-type":"","overlay-color":"","overlay-opacity":"","overlay-gradient":""}},"footnotes":""},"class_list":["post-9004","page","type-page","status-publish","hentry"],"_links":{"self":[{"href":"https:\/\/dreamsvoyage.com\/ro\/wp-json\/wp\/v2\/pages\/9004","targetHints":{"allow":["GET"]}}],"collection":[{"href":"https:\/\/dreamsvoyage.com\/ro\/wp-json\/wp\/v2\/pages"}],"about":[{"href":"https:\/\/dreamsvoyage.com\/ro\/wp-json\/wp\/v2\/types\/page"}],"author":[{"embeddable":true,"href":"https:\/\/dreamsvoyage.com\/ro\/wp-json\/wp\/v2\/users\/1"}],"replies":[{"embeddable":true,"href":"https:\/\/dreamsvoyage.com\/ro\/wp-json\/wp\/v2\/comments?post=9004"}],"version-history":[{"count":1,"href":"https:\/\/dreamsvoyage.com\/ro\/wp-json\/wp\/v2\/pages\/9004\/revisions"}],"predecessor-version":[{"id":9007,"href":"https:\/\/dreamsvoyage.com\/ro\/wp-json\/wp\/v2\/pages\/9004\/revisions\/9007"}],"wp:attachment":[{"href":"https:\/\/dreamsvoyage.com\/ro\/wp-json\/wp\/v2\/media?parent=9004"}],"curies":[{"name":"wp","href":"https:\/\/api.w.org\/{rel}","templated":true}]}}