{"id":9000,"date":"2025-08-07T10:59:45","date_gmt":"2025-08-07T10:59:45","guid":{"rendered":"https:\/\/dreamsvoyage.com\/wycieczki-kulturalne\/"},"modified":"2025-08-10T11:31:08","modified_gmt":"2025-08-10T11:31:08","slug":"wycieczki-kulturalne","status":"publish","type":"page","link":"https:\/\/dreamsvoyage.com\/pl\/wycieczki-kulturalne\/","title":{"rendered":"Wycieczki Kulturalne"},"content":{"rendered":"\t\t<div data-elementor-type=\"wp-page\" data-elementor-id=\"9000\" class=\"elementor elementor-9000 elementor-5024\">\n\t\t\t\t<div class=\"elementor-element elementor-element-55b6118 e-flex e-con-boxed e-con e-parent\" data-id=\"55b6118\" data-element_type=\"container\" data-e-type=\"container\" data-settings=\"{&quot;background_background&quot;:&quot;classic&quot;}\">\n\t\t\t\t\t<div class=\"e-con-inner\">\n\t\t\t\t<div class=\"elementor-element elementor-element-25a2466 elementor-widget elementor-widget-heading\" data-id=\"25a2466\" data-element_type=\"widget\" data-e-type=\"widget\" data-widget_type=\"heading.default\">\n\t\t\t\t<div class=\"elementor-widget-container\">\n\t\t\t\t\t<h2 class=\"elementor-heading-title elementor-size-default\">Wycieczki Kulturalne<\/h2>\t\t\t\t<\/div>\n\t\t\t\t<\/div>\n\t\t\t\t<div class=\"elementor-element elementor-element-66565ef elementor-widget elementor-widget-shortcode\" data-id=\"66565ef\" data-element_type=\"widget\" data-e-type=\"widget\" data-widget_type=\"shortcode.default\">\n\t\t\t\t<div class=\"elementor-widget-container\">\n\t\t\t\t\t\t\t<div class=\"elementor-shortcode\"><div class=\"woocommerce columns-3 \"><ul class=\"products columns-3\">\n<li class=\"desktop-align-left tablet-align-left mobile-align-left product type-product post-9256 status-publish first instock product_cat-bez-kategorii has-post-thumbnail sale virtual purchasable product-type-simple\">\n\t<a href=\"https:\/\/dreamsvoyage.com\/pl\/produkt\/jednodniowa-wycieczka-do-kairu-samolotem-z-sharm-el-sheikh\/\" class=\"woocommerce-LoopProduct-link woocommerce-loop-product__link\">\n\t<span  class=\"onsale\" data-notification=\"default\">Wyprzeda\u017c!<\/span>\n\t<img decoding=\"async\" width=\"200\" height=\"200\" src=\"https:\/\/dreamsvoyage.com\/wp-content\/uploads\/2025\/08\/WhatsApp-Image-2025-07-30-at-18.26.29-1-200x200.jpeg\" class=\"attachment-woocommerce_thumbnail size-woocommerce_thumbnail\" alt=\"Jednodniowa wycieczka do Kairu samolotem z Sharm el Sheikh\" srcset=\"https:\/\/dreamsvoyage.com\/wp-content\/uploads\/2025\/08\/WhatsApp-Image-2025-07-30-at-18.26.29-1-200x200.jpeg 200w, https:\/\/dreamsvoyage.com\/wp-content\/uploads\/2025\/08\/WhatsApp-Image-2025-07-30-at-18.26.29-1-100x100.jpeg 100w, https:\/\/dreamsvoyage.com\/wp-content\/uploads\/2025\/08\/WhatsApp-Image-2025-07-30-at-18.26.29-1-150x150.jpeg 150w\" sizes=\"(max-width: 200px) 100vw, 200px\" title=\"Wycieczki Kulturalne\"><h2 class=\"woocommerce-loop-product__title\">Jednodniowa wycieczka do Kairu samolotem z Sharm el Sheikh<\/h2>\n\t<span class=\"price\"><del aria-hidden=\"true\"><span class=\"woocommerce-Price-amount amount\"><bdi><span class=\"woocommerce-Price-currencySymbol\">&#36;<\/span>215.00<\/bdi><\/span><\/del> <span class=\"screen-reader-text\">Pierwotna cena wynosi\u0142a: &#036;215.00.<\/span><ins aria-hidden=\"true\"><span class=\"woocommerce-Price-amount amount\"><bdi><span class=\"woocommerce-Price-currencySymbol\">&#36;<\/span>175.00<\/bdi><\/span><\/ins><span class=\"screen-reader-text\">Aktualna cena wynosi: &#036;175.00.<\/span><\/span>\n<\/a><a href=\"\/pl\/wp-json\/wp\/v2\/pages\/9000?add-to-cart=9256\" aria-describedby=\"woocommerce_loop_add_to_cart_link_describedby_9256\" data-quantity=\"1\" class=\"button product_type_simple add_to_cart_button ajax_add_to_cart text_replaceable\" data-product_id=\"9256\" data-product_sku=\"\" aria-label=\"Dodaj do koszyka: &bdquo;Jednodniowa wycieczka do Kairu samolotem z Sharm el Sheikh&rdquo;\" rel=\"nofollow\" data-success_message=\"&ldquo;Jednodniowa wycieczka do Kairu samolotem z Sharm el Sheikh&rdquo; zosta\u0142 dodany do twojego koszyka\" data-product_price=\"175\" data-product_name=\"Jednodniowa wycieczka do Kairu samolotem z Sharm el Sheikh\" data-google_product_id=\"\" role=\"button\">Book Now<\/a>\t<span id=\"woocommerce_loop_add_to_cart_link_describedby_9256\" class=\"screen-reader-text\">\n\t\t\t<\/span>\n<\/li>\n<li class=\"desktop-align-left tablet-align-left mobile-align-left product type-product post-9179 status-publish instock product_cat-bez-kategorii has-post-thumbnail sale virtual purchasable product-type-simple\">\n\t<a href=\"https:\/\/dreamsvoyage.com\/pl\/produkt\/jednodniowa-wycieczka-do-kairu-z-sharm-el-sheikh-autobusem\/\" class=\"woocommerce-LoopProduct-link woocommerce-loop-product__link\">\n\t<span  class=\"onsale\" data-notification=\"default\">Wyprzeda\u017c!<\/span>\n\t<img decoding=\"async\" width=\"200\" height=\"200\" src=\"https:\/\/dreamsvoyage.com\/wp-content\/uploads\/2025\/08\/WhatsApp-Image-2025-07-30-at-18.27.24-200x200.jpeg\" class=\"attachment-woocommerce_thumbnail size-woocommerce_thumbnail\" alt=\"Jednodniowa wycieczka do Kairu z Sharm el Sheikh autobusem\" srcset=\"https:\/\/dreamsvoyage.com\/wp-content\/uploads\/2025\/08\/WhatsApp-Image-2025-07-30-at-18.27.24-200x200.jpeg 200w, https:\/\/dreamsvoyage.com\/wp-content\/uploads\/2025\/08\/WhatsApp-Image-2025-07-30-at-18.27.24-100x100.jpeg 100w, https:\/\/dreamsvoyage.com\/wp-content\/uploads\/2025\/08\/WhatsApp-Image-2025-07-30-at-18.27.24-150x150.jpeg 150w\" sizes=\"(max-width: 200px) 100vw, 200px\" title=\"Wycieczki Kulturalne\"><h2 class=\"woocommerce-loop-product__title\">Jednodniowa wycieczka do Kairu z Sharm el Sheikh autobusem<\/h2>\n\t<span class=\"price\"><del aria-hidden=\"true\"><span class=\"woocommerce-Price-amount amount\"><bdi><span class=\"woocommerce-Price-currencySymbol\">&#36;<\/span>45.00<\/bdi><\/span><\/del> <span class=\"screen-reader-text\">Pierwotna cena wynosi\u0142a: &#036;45.00.<\/span><ins aria-hidden=\"true\"><span class=\"woocommerce-Price-amount amount\"><bdi><span class=\"woocommerce-Price-currencySymbol\">&#36;<\/span>43.00<\/bdi><\/span><\/ins><span class=\"screen-reader-text\">Aktualna cena wynosi: &#036;43.00.<\/span><\/span>\n<\/a><a href=\"\/pl\/wp-json\/wp\/v2\/pages\/9000?add-to-cart=9179\" aria-describedby=\"woocommerce_loop_add_to_cart_link_describedby_9179\" data-quantity=\"1\" class=\"button product_type_simple add_to_cart_button ajax_add_to_cart text_replaceable\" data-product_id=\"9179\" data-product_sku=\"\" aria-label=\"Dodaj do koszyka: &bdquo;Jednodniowa wycieczka do Kairu z Sharm el Sheikh autobusem&rdquo;\" rel=\"nofollow\" data-success_message=\"&ldquo;Jednodniowa wycieczka do Kairu z Sharm el Sheikh autobusem&rdquo; zosta\u0142 dodany do twojego koszyka\" data-product_price=\"43\" data-product_name=\"Jednodniowa wycieczka do Kairu z Sharm el Sheikh autobusem\" data-google_product_id=\"\" role=\"button\">Book Now<\/a>\t<span id=\"woocommerce_loop_add_to_cart_link_describedby_9179\" class=\"screen-reader-text\">\n\t\t\t<\/span>\n<\/li>\n<li class=\"desktop-align-left tablet-align-left mobile-align-left product type-product post-9245 status-publish last instock product_cat-bez-kategorii has-post-thumbnail sale virtual purchasable product-type-simple\">\n\t<a href=\"https:\/\/dreamsvoyage.com\/pl\/produkt\/jerozolima-i-morze-martwe-autobusem-z-sharm-el-sheikh\/\" class=\"woocommerce-LoopProduct-link woocommerce-loop-product__link\">\n\t<span  class=\"onsale\" data-notification=\"default\">Wyprzeda\u017c!<\/span>\n\t<img decoding=\"async\" width=\"200\" height=\"200\" src=\"https:\/\/dreamsvoyage.com\/wp-content\/uploads\/2025\/08\/WhatsApp-Image-2025-07-30-at-18.29.36-200x200.jpeg\" class=\"attachment-woocommerce_thumbnail size-woocommerce_thumbnail\" alt=\"Jerozolima i Morze Martwe autobusem z Sharm el Sheikh\" srcset=\"https:\/\/dreamsvoyage.com\/wp-content\/uploads\/2025\/08\/WhatsApp-Image-2025-07-30-at-18.29.36-200x200.jpeg 200w, https:\/\/dreamsvoyage.com\/wp-content\/uploads\/2025\/08\/WhatsApp-Image-2025-07-30-at-18.29.36-100x100.jpeg 100w, https:\/\/dreamsvoyage.com\/wp-content\/uploads\/2025\/08\/WhatsApp-Image-2025-07-30-at-18.29.36-150x150.jpeg 150w\" sizes=\"(max-width: 200px) 100vw, 200px\" title=\"Wycieczki Kulturalne\"><h2 class=\"woocommerce-loop-product__title\">Jerozolima i Morze Martwe autobusem z Sharm el Sheikh<\/h2>\n\t<span class=\"price\"><del aria-hidden=\"true\"><span class=\"woocommerce-Price-amount amount\"><bdi><span class=\"woocommerce-Price-currencySymbol\">&#36;<\/span>180.00<\/bdi><\/span><\/del> <span class=\"screen-reader-text\">Pierwotna cena wynosi\u0142a: &#036;180.00.<\/span><ins aria-hidden=\"true\"><span class=\"woocommerce-Price-amount amount\"><bdi><span class=\"woocommerce-Price-currencySymbol\">&#36;<\/span>145.00<\/bdi><\/span><\/ins><span class=\"screen-reader-text\">Aktualna cena wynosi: &#036;145.00.<\/span><\/span>\n<\/a><a href=\"\/pl\/wp-json\/wp\/v2\/pages\/9000?add-to-cart=9245\" aria-describedby=\"woocommerce_loop_add_to_cart_link_describedby_9245\" data-quantity=\"1\" class=\"button product_type_simple add_to_cart_button ajax_add_to_cart text_replaceable\" data-product_id=\"9245\" data-product_sku=\"\" aria-label=\"Dodaj do koszyka: &bdquo;Jerozolima i Morze Martwe autobusem z Sharm el Sheikh&rdquo;\" rel=\"nofollow\" data-success_message=\"&ldquo;Jerozolima i Morze Martwe autobusem z Sharm el Sheikh&rdquo; zosta\u0142 dodany do twojego koszyka\" data-product_price=\"145.00\" data-product_name=\"Jerozolima i Morze Martwe autobusem z Sharm el Sheikh\" data-google_product_id=\"\" role=\"button\">Book Now<\/a>\t<span id=\"woocommerce_loop_add_to_cart_link_describedby_9245\" class=\"screen-reader-text\">\n\t\t\t<\/span>\n<\/li>\n<li class=\"desktop-align-left tablet-align-left mobile-align-left product type-product post-9358 status-publish first instock product_cat-bez-kategorii has-post-thumbnail sale virtual purchasable product-type-simple\">\n\t<a href=\"https:\/\/dreamsvoyage.com\/pl\/produkt\/luksor-samolotem-z-sharm-el-sheikh\/\" class=\"woocommerce-LoopProduct-link woocommerce-loop-product__link\">\n\t<span  class=\"onsale\" data-notification=\"default\">Wyprzeda\u017c!<\/span>\n\t<img loading=\"lazy\" decoding=\"async\" width=\"200\" height=\"200\" src=\"https:\/\/dreamsvoyage.com\/wp-content\/uploads\/2025\/08\/WhatsApp-Image-2025-07-30-at-18.43.39-200x200.jpeg\" class=\"attachment-woocommerce_thumbnail size-woocommerce_thumbnail\" alt=\"Luksor samolotem z Sharm el Sheikh\" srcset=\"https:\/\/dreamsvoyage.com\/wp-content\/uploads\/2025\/08\/WhatsApp-Image-2025-07-30-at-18.43.39-200x200.jpeg 200w, https:\/\/dreamsvoyage.com\/wp-content\/uploads\/2025\/08\/WhatsApp-Image-2025-07-30-at-18.43.39-100x100.jpeg 100w, https:\/\/dreamsvoyage.com\/wp-content\/uploads\/2025\/08\/WhatsApp-Image-2025-07-30-at-18.43.39-150x150.jpeg 150w\" sizes=\"(max-width: 200px) 100vw, 200px\" title=\"Wycieczki Kulturalne\"><h2 class=\"woocommerce-loop-product__title\">Luksor samolotem z Sharm el Sheikh<\/h2>\n\t<span class=\"price\"><del aria-hidden=\"true\"><span class=\"woocommerce-Price-amount amount\"><bdi><span class=\"woocommerce-Price-currencySymbol\">&#36;<\/span>240.00<\/bdi><\/span><\/del> <span class=\"screen-reader-text\">Pierwotna cena wynosi\u0142a: &#036;240.00.<\/span><ins aria-hidden=\"true\"><span class=\"woocommerce-Price-amount amount\"><bdi><span class=\"woocommerce-Price-currencySymbol\">&#36;<\/span>200.00<\/bdi><\/span><\/ins><span class=\"screen-reader-text\">Aktualna cena wynosi: &#036;200.00.<\/span><\/span>\n<\/a><a href=\"\/pl\/wp-json\/wp\/v2\/pages\/9000?add-to-cart=9358\" aria-describedby=\"woocommerce_loop_add_to_cart_link_describedby_9358\" data-quantity=\"1\" class=\"button product_type_simple add_to_cart_button ajax_add_to_cart text_replaceable\" data-product_id=\"9358\" data-product_sku=\"\" aria-label=\"Dodaj do koszyka: &bdquo;Luksor samolotem z Sharm el Sheikh&rdquo;\" rel=\"nofollow\" data-success_message=\"&ldquo;Luksor samolotem z Sharm el Sheikh&rdquo; zosta\u0142 dodany do twojego koszyka\" data-product_price=\"200\" data-product_name=\"Luksor samolotem z Sharm el Sheikh\" data-google_product_id=\"\" role=\"button\">Book Now<\/a>\t<span id=\"woocommerce_loop_add_to_cart_link_describedby_9358\" class=\"screen-reader-text\">\n\t\t\t<\/span>\n<\/li>\n<li class=\"desktop-align-left tablet-align-left mobile-align-left product type-product post-9174 status-publish instock product_cat-bez-kategorii has-post-thumbnail sale virtual purchasable product-type-simple\">\n\t<a href=\"https:\/\/dreamsvoyage.com\/pl\/produkt\/wschod-slonca-na-gorze-synaj-gorze-mojzesza\/\" class=\"woocommerce-LoopProduct-link woocommerce-loop-product__link\">\n\t<span  class=\"onsale\" data-notification=\"default\">Wyprzeda\u017c!<\/span>\n\t<img loading=\"lazy\" decoding=\"async\" width=\"200\" height=\"200\" src=\"https:\/\/dreamsvoyage.com\/wp-content\/uploads\/2025\/08\/WhatsApp-Image-2025-07-30-at-18.22.41-1-200x200.jpeg\" class=\"attachment-woocommerce_thumbnail size-woocommerce_thumbnail\" alt=\"Wsch\u00f3d s\u0142o\u0144ca na G\u00f3rze Synaj (G\u00f3rze Moj\u017cesza)\" srcset=\"https:\/\/dreamsvoyage.com\/wp-content\/uploads\/2025\/08\/WhatsApp-Image-2025-07-30-at-18.22.41-1-200x200.jpeg 200w, https:\/\/dreamsvoyage.com\/wp-content\/uploads\/2025\/08\/WhatsApp-Image-2025-07-30-at-18.22.41-1-100x100.jpeg 100w, https:\/\/dreamsvoyage.com\/wp-content\/uploads\/2025\/08\/WhatsApp-Image-2025-07-30-at-18.22.41-1-150x150.jpeg 150w\" sizes=\"(max-width: 200px) 100vw, 200px\" title=\"Wycieczki Kulturalne\"><h2 class=\"woocommerce-loop-product__title\">Wsch\u00f3d s\u0142o\u0144ca na G\u00f3rze Synaj (G\u00f3rze Moj\u017cesza)<\/h2>\n\t<span class=\"price\"><del aria-hidden=\"true\"><span class=\"woocommerce-Price-amount amount\"><bdi><span class=\"woocommerce-Price-currencySymbol\">&#36;<\/span>22.00<\/bdi><\/span><\/del> <span class=\"screen-reader-text\">Pierwotna cena wynosi\u0142a: &#036;22.00.<\/span><ins aria-hidden=\"true\"><span class=\"woocommerce-Price-amount amount\"><bdi><span class=\"woocommerce-Price-currencySymbol\">&#36;<\/span>20.00<\/bdi><\/span><\/ins><span class=\"screen-reader-text\">Aktualna cena wynosi: &#036;20.00.<\/span><\/span>\n<\/a><a href=\"\/pl\/wp-json\/wp\/v2\/pages\/9000?add-to-cart=9174\" aria-describedby=\"woocommerce_loop_add_to_cart_link_describedby_9174\" data-quantity=\"1\" class=\"button product_type_simple add_to_cart_button ajax_add_to_cart text_replaceable\" data-product_id=\"9174\" data-product_sku=\"\" aria-label=\"Dodaj do koszyka: &bdquo;Wsch\u00f3d s\u0142o\u0144ca na G\u00f3rze Synaj (G\u00f3rze Moj\u017cesza)&rdquo;\" rel=\"nofollow\" data-success_message=\"&ldquo;Wsch\u00f3d s\u0142o\u0144ca na G\u00f3rze Synaj (G\u00f3rze Moj\u017cesza)&rdquo; zosta\u0142 dodany do twojego koszyka\" data-product_price=\"20\" data-product_name=\"Wsch\u00f3d s\u0142o\u0144ca na G\u00f3rze Synaj (G\u00f3rze Moj\u017cesza)\" data-google_product_id=\"\" role=\"button\">Book Now<\/a>\t<span id=\"woocommerce_loop_add_to_cart_link_describedby_9174\" class=\"screen-reader-text\">\n\t\t\t<\/span>\n<\/li>\n<li class=\"desktop-align-left tablet-align-left mobile-align-left product type-product post-9347 status-publish last instock product_cat-bez-kategorii has-post-thumbnail sale virtual purchasable product-type-simple\">\n\t<a href=\"https:\/\/dreamsvoyage.com\/pl\/produkt\/wycieczka-jednodniowa-do-petry-jordania-z-sharm-el-sheikh\/\" class=\"woocommerce-LoopProduct-link woocommerce-loop-product__link\">\n\t<span  class=\"onsale\" data-notification=\"default\">Wyprzeda\u017c!<\/span>\n\t<img loading=\"lazy\" decoding=\"async\" width=\"200\" height=\"200\" src=\"https:\/\/dreamsvoyage.com\/wp-content\/uploads\/2025\/08\/WhatsApp-Image-2025-07-30-at-18.38.25-200x200.jpeg\" class=\"attachment-woocommerce_thumbnail size-woocommerce_thumbnail\" alt=\"Wycieczka jednodniowa do Petry (Jordania) z Sharm el Sheikh\" srcset=\"https:\/\/dreamsvoyage.com\/wp-content\/uploads\/2025\/08\/WhatsApp-Image-2025-07-30-at-18.38.25-200x200.jpeg 200w, https:\/\/dreamsvoyage.com\/wp-content\/uploads\/2025\/08\/WhatsApp-Image-2025-07-30-at-18.38.25-100x100.jpeg 100w, https:\/\/dreamsvoyage.com\/wp-content\/uploads\/2025\/08\/WhatsApp-Image-2025-07-30-at-18.38.25-150x150.jpeg 150w\" sizes=\"(max-width: 200px) 100vw, 200px\" title=\"Wycieczki Kulturalne\"><h2 class=\"woocommerce-loop-product__title\">Wycieczka jednodniowa do Petry (Jordania) z Sharm el Sheikh<\/h2>\n\t<span class=\"price\"><del aria-hidden=\"true\"><span class=\"woocommerce-Price-amount amount\"><bdi><span class=\"woocommerce-Price-currencySymbol\">&#36;<\/span>230.00<\/bdi><\/span><\/del> <span class=\"screen-reader-text\">Pierwotna cena wynosi\u0142a: &#036;230.00.<\/span><ins aria-hidden=\"true\"><span class=\"woocommerce-Price-amount amount\"><bdi><span class=\"woocommerce-Price-currencySymbol\">&#36;<\/span>203.00<\/bdi><\/span><\/ins><span class=\"screen-reader-text\">Aktualna cena wynosi: &#036;203.00.<\/span><\/span>\n<\/a><a href=\"\/pl\/wp-json\/wp\/v2\/pages\/9000?add-to-cart=9347\" aria-describedby=\"woocommerce_loop_add_to_cart_link_describedby_9347\" data-quantity=\"1\" class=\"button product_type_simple add_to_cart_button ajax_add_to_cart text_replaceable\" data-product_id=\"9347\" data-product_sku=\"\" aria-label=\"Dodaj do koszyka: &bdquo;Wycieczka jednodniowa do Petry (Jordania) z Sharm el Sheikh&rdquo;\" rel=\"nofollow\" data-success_message=\"&ldquo;Wycieczka jednodniowa do Petry (Jordania) z Sharm el Sheikh&rdquo; zosta\u0142 dodany do twojego koszyka\" data-product_price=\"203\" data-product_name=\"Wycieczka jednodniowa do Petry (Jordania) z Sharm el Sheikh\" data-google_product_id=\"\" role=\"button\">Book Now<\/a>\t<span id=\"woocommerce_loop_add_to_cart_link_describedby_9347\" class=\"screen-reader-text\">\n\t\t\t<\/span>\n<\/li>\n<\/ul>\n<\/div><\/div>\n\t\t\t\t\t\t<\/div>\n\t\t\t\t<\/div>\n\t\t\t\t\t<\/div>\n\t\t\t\t<\/div>\n\t\t\t\t<\/div>\n\t\t","protected":false},"excerpt":{"rendered":"<p>Wycieczki Kulturalne<\/p>\n","protected":false},"author":1,"featured_media":0,"parent":0,"menu_order":0,"comment_status":"closed","ping_status":"closed","template":"","meta":{"site-sidebar-layout":"no-sidebar","site-content-layout":"page-builder","ast-site-content-layout":"full-width-container","site-content-style":"default","site-sidebar-style":"default","ast-global-header-display":"","ast-banner-title-visibility":"","ast-main-header-display":"","ast-hfb-above-header-display":"","ast-hfb-below-header-display":"","ast-hfb-mobile-header-display":"","site-post-title":"disabled","ast-breadcrumbs-content":"","ast-featured-img":"disabled","footer-sml-layout":"","ast-disable-related-posts":"","theme-transparent-header-meta":"","adv-header-id-meta":"","stick-header-meta":"","header-above-stick-meta":"","header-main-stick-meta":"","header-below-stick-meta":"","astra-migrate-meta-layouts":"default","ast-page-background-enabled":"default","ast-page-background-meta":{"desktop":{"background-color":"","background-image":"","background-repeat":"repeat","background-position":"center center","background-size":"auto","background-attachment":"scroll","background-type":"","background-media":"","overlay-type":"","overlay-color":"","overlay-opacity":"","overlay-gradient":""},"tablet":{"background-color":"","background-image":"","background-repeat":"repeat","background-position":"center center","background-size":"auto","background-attachment":"scroll","background-type":"","background-media":"","overlay-type":"","overlay-color":"","overlay-opacity":"","overlay-gradient":""},"mobile":{"background-color":"","background-image":"","background-repeat":"repeat","background-position":"center center","background-size":"auto","background-attachment":"scroll","background-type":"","background-media":"","overlay-type":"","overlay-color":"","overlay-opacity":"","overlay-gradient":""}},"ast-content-background-meta":{"desktop":{"background-color":"var(--ast-global-color-5)","background-image":"","background-repeat":"repeat","background-position":"center center","background-size":"auto","background-attachment":"scroll","background-type":"","background-media":"","overlay-type":"","overlay-color":"","overlay-opacity":"","overlay-gradient":""},"tablet":{"background-color":"var(--ast-global-color-5)","background-image":"","background-repeat":"repeat","background-position":"center center","background-size":"auto","background-attachment":"scroll","background-type":"","background-media":"","overlay-type":"","overlay-color":"","overlay-opacity":"","overlay-gradient":""},"mobile":{"background-color":"var(--ast-global-color-5)","background-image":"","background-repeat":"repeat","background-position":"center center","background-size":"auto","background-attachment":"scroll","background-type":"","background-media":"","overlay-type":"","overlay-color":"","overlay-opacity":"","overlay-gradient":""}},"footnotes":""},"class_list":["post-9000","page","type-page","status-publish","hentry"],"_links":{"self":[{"href":"https:\/\/dreamsvoyage.com\/pl\/wp-json\/wp\/v2\/pages\/9000","targetHints":{"allow":["GET"]}}],"collection":[{"href":"https:\/\/dreamsvoyage.com\/pl\/wp-json\/wp\/v2\/pages"}],"about":[{"href":"https:\/\/dreamsvoyage.com\/pl\/wp-json\/wp\/v2\/types\/page"}],"author":[{"embeddable":true,"href":"https:\/\/dreamsvoyage.com\/pl\/wp-json\/wp\/v2\/users\/1"}],"replies":[{"embeddable":true,"href":"https:\/\/dreamsvoyage.com\/pl\/wp-json\/wp\/v2\/comments?post=9000"}],"version-history":[{"count":1,"href":"https:\/\/dreamsvoyage.com\/pl\/wp-json\/wp\/v2\/pages\/9000\/revisions"}],"predecessor-version":[{"id":9005,"href":"https:\/\/dreamsvoyage.com\/pl\/wp-json\/wp\/v2\/pages\/9000\/revisions\/9005"}],"wp:attachment":[{"href":"https:\/\/dreamsvoyage.com\/pl\/wp-json\/wp\/v2\/media?parent=9000"}],"curies":[{"name":"wp","href":"https:\/\/api.w.org\/{rel}","templated":true}]}}