{"id":9283,"date":"2025-08-07T10:59:45","date_gmt":"2025-08-07T10:59:45","guid":{"rendered":"https:\/\/dreamsvoyage.com\/circuits-culturels\/"},"modified":"2025-08-10T11:36:55","modified_gmt":"2025-08-10T11:36:55","slug":"circuits-culturels","status":"publish","type":"page","link":"https:\/\/dreamsvoyage.com\/fr\/circuits-culturels\/","title":{"rendered":"Circuits Culturels"},"content":{"rendered":"\t\t<div data-elementor-type=\"wp-page\" data-elementor-id=\"9283\" class=\"elementor elementor-9283 elementor-5024\">\n\t\t\t\t<div class=\"elementor-element elementor-element-55b6118 e-flex e-con-boxed e-con e-parent\" data-id=\"55b6118\" data-element_type=\"container\" data-e-type=\"container\" data-settings=\"{&quot;background_background&quot;:&quot;classic&quot;}\">\n\t\t\t\t\t<div class=\"e-con-inner\">\n\t\t\t\t<div class=\"elementor-element elementor-element-25a2466 elementor-widget elementor-widget-heading\" data-id=\"25a2466\" data-element_type=\"widget\" data-e-type=\"widget\" data-widget_type=\"heading.default\">\n\t\t\t\t<div class=\"elementor-widget-container\">\n\t\t\t\t\t<h2 class=\"elementor-heading-title elementor-size-default\">Circuits Culturels<\/h2>\t\t\t\t<\/div>\n\t\t\t\t<\/div>\n\t\t\t\t<div class=\"elementor-element elementor-element-66565ef elementor-widget elementor-widget-shortcode\" data-id=\"66565ef\" data-element_type=\"widget\" data-e-type=\"widget\" data-widget_type=\"shortcode.default\">\n\t\t\t\t<div class=\"elementor-widget-container\">\n\t\t\t\t\t\t\t<div class=\"elementor-shortcode\"><div class=\"woocommerce columns-3 \"><ul class=\"products columns-3\">\n<li class=\"desktop-align-left tablet-align-left mobile-align-left product type-product post-9349 status-publish first instock product_cat-non-categorise has-post-thumbnail sale virtual purchasable product-type-simple\">\n\t<a href=\"https:\/\/dreamsvoyage.com\/fr\/produit\/excursion-dune-journee-a-petra-jordanie-depuis-sharm-el-sheikh\/\" class=\"woocommerce-LoopProduct-link woocommerce-loop-product__link\">\n\t<span  class=\"onsale\" data-notification=\"default\">Promo\u00a0!<\/span>\n\t<img decoding=\"async\" width=\"200\" height=\"200\" src=\"https:\/\/dreamsvoyage.com\/wp-content\/uploads\/2025\/08\/WhatsApp-Image-2025-07-30-at-18.38.25-200x200.jpeg\" class=\"attachment-woocommerce_thumbnail size-woocommerce_thumbnail\" alt=\"Excursion d&#039;une journ\u00e9e \u00e0 P\u00e9tra (Jordanie) depuis Sharm el Sheikh\" srcset=\"https:\/\/dreamsvoyage.com\/wp-content\/uploads\/2025\/08\/WhatsApp-Image-2025-07-30-at-18.38.25-200x200.jpeg 200w, https:\/\/dreamsvoyage.com\/wp-content\/uploads\/2025\/08\/WhatsApp-Image-2025-07-30-at-18.38.25-100x100.jpeg 100w, https:\/\/dreamsvoyage.com\/wp-content\/uploads\/2025\/08\/WhatsApp-Image-2025-07-30-at-18.38.25-150x150.jpeg 150w\" sizes=\"(max-width: 200px) 100vw, 200px\" title=\"Circuits Culturels\"><h2 class=\"woocommerce-loop-product__title\">Excursion d&rsquo;une journ\u00e9e \u00e0 P\u00e9tra (Jordanie) depuis Sharm el Sheikh<\/h2>\n\t<span class=\"price\"><del aria-hidden=\"true\"><span class=\"woocommerce-Price-amount amount\"><bdi>230,00&nbsp;<span class=\"woocommerce-Price-currencySymbol\">&euro;<\/span><\/bdi><\/span><\/del> <span class=\"screen-reader-text\">Le prix initial \u00e9tait\u00a0: 230,00&nbsp;&euro;.<\/span><ins aria-hidden=\"true\"><span class=\"woocommerce-Price-amount amount\"><bdi>203,00&nbsp;<span class=\"woocommerce-Price-currencySymbol\">&euro;<\/span><\/bdi><\/span><\/ins><span class=\"screen-reader-text\">Le prix actuel est\u00a0: 203,00&nbsp;&euro;.<\/span><\/span>\n<\/a><a href=\"\/fr\/wp-json\/wp\/v2\/pages\/9283?add-to-cart=9349\" aria-describedby=\"woocommerce_loop_add_to_cart_link_describedby_9349\" data-quantity=\"1\" class=\"button product_type_simple add_to_cart_button ajax_add_to_cart text_replaceable\" data-product_id=\"9349\" data-product_sku=\"\" aria-label=\"Ajouter au panier\u00a0: &ldquo;Excursion d&#039;une journ\u00e9e \u00e0 P\u00e9tra (Jordanie) depuis Sharm el Sheikh&rdquo;\" rel=\"nofollow\" data-success_message=\"\u00ab\u00a0Excursion d&#039;une journ\u00e9e \u00e0 P\u00e9tra (Jordanie) depuis Sharm el Sheikh\u00a0\u00bb a \u00e9t\u00e9 ajout\u00e9 \u00e0 votre panier\" data-product_price=\"203\" data-product_name=\"Excursion d&#039;une journ\u00e9e \u00e0 P\u00e9tra (Jordanie) depuis Sharm el Sheikh\" data-google_product_id=\"\" role=\"button\">Book Now<\/a>\t<span id=\"woocommerce_loop_add_to_cart_link_describedby_9349\" class=\"screen-reader-text\">\n\t\t\t<\/span>\n<\/li>\n<li class=\"desktop-align-left tablet-align-left mobile-align-left product type-product post-9176 status-publish instock product_cat-non-categorise has-post-thumbnail sale virtual purchasable product-type-simple\">\n\t<a href=\"https:\/\/dreamsvoyage.com\/fr\/produit\/excursion-dune-journee-au-caire-depuis-sharm-el-sheikh-en-bus\/\" class=\"woocommerce-LoopProduct-link woocommerce-loop-product__link\">\n\t<span  class=\"onsale\" data-notification=\"default\">Promo\u00a0!<\/span>\n\t<img decoding=\"async\" width=\"200\" height=\"200\" src=\"https:\/\/dreamsvoyage.com\/wp-content\/uploads\/2025\/08\/WhatsApp-Image-2025-07-30-at-18.27.24-200x200.jpeg\" class=\"attachment-woocommerce_thumbnail size-woocommerce_thumbnail\" alt=\"Excursion d&#039;une journ\u00e9e au Caire depuis Sharm el Sheikh en bus\" srcset=\"https:\/\/dreamsvoyage.com\/wp-content\/uploads\/2025\/08\/WhatsApp-Image-2025-07-30-at-18.27.24-200x200.jpeg 200w, https:\/\/dreamsvoyage.com\/wp-content\/uploads\/2025\/08\/WhatsApp-Image-2025-07-30-at-18.27.24-100x100.jpeg 100w, https:\/\/dreamsvoyage.com\/wp-content\/uploads\/2025\/08\/WhatsApp-Image-2025-07-30-at-18.27.24-150x150.jpeg 150w\" sizes=\"(max-width: 200px) 100vw, 200px\" title=\"Circuits Culturels\"><h2 class=\"woocommerce-loop-product__title\">Excursion d&rsquo;une journ\u00e9e au Caire depuis Sharm el Sheikh en bus<\/h2>\n\t<span class=\"price\"><del aria-hidden=\"true\"><span class=\"woocommerce-Price-amount amount\"><bdi>45,00&nbsp;<span class=\"woocommerce-Price-currencySymbol\">&euro;<\/span><\/bdi><\/span><\/del> <span class=\"screen-reader-text\">Le prix initial \u00e9tait\u00a0: 45,00&nbsp;&euro;.<\/span><ins aria-hidden=\"true\"><span class=\"woocommerce-Price-amount amount\"><bdi>43,00&nbsp;<span class=\"woocommerce-Price-currencySymbol\">&euro;<\/span><\/bdi><\/span><\/ins><span class=\"screen-reader-text\">Le prix actuel est\u00a0: 43,00&nbsp;&euro;.<\/span><\/span>\n<\/a><a href=\"\/fr\/wp-json\/wp\/v2\/pages\/9283?add-to-cart=9176\" aria-describedby=\"woocommerce_loop_add_to_cart_link_describedby_9176\" data-quantity=\"1\" class=\"button product_type_simple add_to_cart_button ajax_add_to_cart text_replaceable\" data-product_id=\"9176\" data-product_sku=\"\" aria-label=\"Ajouter au panier\u00a0: &ldquo;Excursion d&#039;une journ\u00e9e au Caire depuis Sharm el Sheikh en bus&rdquo;\" rel=\"nofollow\" data-success_message=\"\u00ab\u00a0Excursion d&#039;une journ\u00e9e au Caire depuis Sharm el Sheikh en bus\u00a0\u00bb a \u00e9t\u00e9 ajout\u00e9 \u00e0 votre panier\" data-product_price=\"43\" data-product_name=\"Excursion d&#039;une journ\u00e9e au Caire depuis Sharm el Sheikh en bus\" data-google_product_id=\"\" role=\"button\">Book Now<\/a>\t<span id=\"woocommerce_loop_add_to_cart_link_describedby_9176\" class=\"screen-reader-text\">\n\t\t\t<\/span>\n<\/li>\n<li class=\"desktop-align-left tablet-align-left mobile-align-left product type-product post-9251 status-publish last instock product_cat-non-categorise has-post-thumbnail sale virtual purchasable product-type-simple\">\n\t<a href=\"https:\/\/dreamsvoyage.com\/fr\/produit\/excursion-dune-journee-au-caire-en-avion-depuis-sharm-el-sheikh\/\" class=\"woocommerce-LoopProduct-link woocommerce-loop-product__link\">\n\t<span  class=\"onsale\" data-notification=\"default\">Promo\u00a0!<\/span>\n\t<img decoding=\"async\" width=\"200\" height=\"200\" src=\"https:\/\/dreamsvoyage.com\/wp-content\/uploads\/2025\/08\/WhatsApp-Image-2025-07-30-at-18.26.29-1-200x200.jpeg\" class=\"attachment-woocommerce_thumbnail size-woocommerce_thumbnail\" alt=\"Excursion d&#039;une journ\u00e9e au Caire en avion depuis Sharm El Sheikh\" srcset=\"https:\/\/dreamsvoyage.com\/wp-content\/uploads\/2025\/08\/WhatsApp-Image-2025-07-30-at-18.26.29-1-200x200.jpeg 200w, https:\/\/dreamsvoyage.com\/wp-content\/uploads\/2025\/08\/WhatsApp-Image-2025-07-30-at-18.26.29-1-100x100.jpeg 100w, https:\/\/dreamsvoyage.com\/wp-content\/uploads\/2025\/08\/WhatsApp-Image-2025-07-30-at-18.26.29-1-150x150.jpeg 150w\" sizes=\"(max-width: 200px) 100vw, 200px\" title=\"Circuits Culturels\"><h2 class=\"woocommerce-loop-product__title\">Excursion d&rsquo;une journ\u00e9e au Caire en avion depuis Sharm El Sheikh<\/h2>\n\t<span class=\"price\"><del aria-hidden=\"true\"><span class=\"woocommerce-Price-amount amount\"><bdi>215,00&nbsp;<span class=\"woocommerce-Price-currencySymbol\">&euro;<\/span><\/bdi><\/span><\/del> <span class=\"screen-reader-text\">Le prix initial \u00e9tait\u00a0: 215,00&nbsp;&euro;.<\/span><ins aria-hidden=\"true\"><span class=\"woocommerce-Price-amount amount\"><bdi>175,00&nbsp;<span class=\"woocommerce-Price-currencySymbol\">&euro;<\/span><\/bdi><\/span><\/ins><span class=\"screen-reader-text\">Le prix actuel est\u00a0: 175,00&nbsp;&euro;.<\/span><\/span>\n<\/a><a href=\"\/fr\/wp-json\/wp\/v2\/pages\/9283?add-to-cart=9251\" aria-describedby=\"woocommerce_loop_add_to_cart_link_describedby_9251\" data-quantity=\"1\" class=\"button product_type_simple add_to_cart_button ajax_add_to_cart text_replaceable\" data-product_id=\"9251\" data-product_sku=\"\" aria-label=\"Ajouter au panier\u00a0: &ldquo;Excursion d&#039;une journ\u00e9e au Caire en avion depuis Sharm El Sheikh&rdquo;\" rel=\"nofollow\" data-success_message=\"\u00ab\u00a0Excursion d&#039;une journ\u00e9e au Caire en avion depuis Sharm El Sheikh\u00a0\u00bb a \u00e9t\u00e9 ajout\u00e9 \u00e0 votre panier\" data-product_price=\"175\" data-product_name=\"Excursion d&#039;une journ\u00e9e au Caire en avion depuis Sharm El Sheikh\" data-google_product_id=\"\" role=\"button\">Book Now<\/a>\t<span id=\"woocommerce_loop_add_to_cart_link_describedby_9251\" class=\"screen-reader-text\">\n\t\t\t<\/span>\n<\/li>\n<li class=\"desktop-align-left tablet-align-left mobile-align-left product type-product post-9182 status-publish first instock product_cat-non-categorise has-post-thumbnail sale virtual purchasable product-type-simple\">\n\t<a href=\"https:\/\/dreamsvoyage.com\/fr\/produit\/jerusalem-et-mer-morte-en-bus-depuis-sharm-el-sheikh\/\" class=\"woocommerce-LoopProduct-link woocommerce-loop-product__link\">\n\t<span  class=\"onsale\" data-notification=\"default\">Promo\u00a0!<\/span>\n\t<img loading=\"lazy\" decoding=\"async\" width=\"200\" height=\"200\" src=\"https:\/\/dreamsvoyage.com\/wp-content\/uploads\/2025\/08\/WhatsApp-Image-2025-07-30-at-18.29.36-200x200.jpeg\" class=\"attachment-woocommerce_thumbnail size-woocommerce_thumbnail\" alt=\"J\u00e9rusalem et mer Morte en bus depuis Sharm el Sheikh\" srcset=\"https:\/\/dreamsvoyage.com\/wp-content\/uploads\/2025\/08\/WhatsApp-Image-2025-07-30-at-18.29.36-200x200.jpeg 200w, https:\/\/dreamsvoyage.com\/wp-content\/uploads\/2025\/08\/WhatsApp-Image-2025-07-30-at-18.29.36-100x100.jpeg 100w, https:\/\/dreamsvoyage.com\/wp-content\/uploads\/2025\/08\/WhatsApp-Image-2025-07-30-at-18.29.36-150x150.jpeg 150w\" sizes=\"(max-width: 200px) 100vw, 200px\" title=\"Circuits Culturels\"><h2 class=\"woocommerce-loop-product__title\">J\u00e9rusalem et mer Morte en bus depuis Sharm el Sheikh<\/h2>\n\t<span class=\"price\"><del aria-hidden=\"true\"><span class=\"woocommerce-Price-amount amount\"><bdi>180,00&nbsp;<span class=\"woocommerce-Price-currencySymbol\">&euro;<\/span><\/bdi><\/span><\/del> <span class=\"screen-reader-text\">Le prix initial \u00e9tait\u00a0: 180,00&nbsp;&euro;.<\/span><ins aria-hidden=\"true\"><span class=\"woocommerce-Price-amount amount\"><bdi>145,00&nbsp;<span class=\"woocommerce-Price-currencySymbol\">&euro;<\/span><\/bdi><\/span><\/ins><span class=\"screen-reader-text\">Le prix actuel est\u00a0: 145,00&nbsp;&euro;.<\/span><\/span>\n<\/a><a href=\"\/fr\/wp-json\/wp\/v2\/pages\/9283?add-to-cart=9182\" aria-describedby=\"woocommerce_loop_add_to_cart_link_describedby_9182\" data-quantity=\"1\" class=\"button product_type_simple add_to_cart_button ajax_add_to_cart text_replaceable\" data-product_id=\"9182\" data-product_sku=\"\" aria-label=\"Ajouter au panier\u00a0: &ldquo;J\u00e9rusalem et mer Morte en bus depuis Sharm el Sheikh&rdquo;\" rel=\"nofollow\" data-success_message=\"\u00ab\u00a0J\u00e9rusalem et mer Morte en bus depuis Sharm el Sheikh\u00a0\u00bb a \u00e9t\u00e9 ajout\u00e9 \u00e0 votre panier\" data-product_price=\"145\" data-product_name=\"J\u00e9rusalem et mer Morte en bus depuis Sharm el Sheikh\" data-google_product_id=\"\" role=\"button\">Book Now<\/a>\t<span id=\"woocommerce_loop_add_to_cart_link_describedby_9182\" class=\"screen-reader-text\">\n\t\t\t<\/span>\n<\/li>\n<li class=\"desktop-align-left tablet-align-left mobile-align-left product type-product post-9128 status-publish instock product_cat-non-categorise has-post-thumbnail sale virtual purchasable product-type-simple\">\n\t<a href=\"https:\/\/dreamsvoyage.com\/fr\/produit\/lever-de-soleil-sur-le-mont-sinai-mont-moise\/\" class=\"woocommerce-LoopProduct-link woocommerce-loop-product__link\">\n\t<span  class=\"onsale\" data-notification=\"default\">Promo\u00a0!<\/span>\n\t<img loading=\"lazy\" decoding=\"async\" width=\"200\" height=\"200\" src=\"https:\/\/dreamsvoyage.com\/wp-content\/uploads\/2025\/08\/WhatsApp-Image-2025-07-30-at-18.22.41-1-200x200.jpeg\" class=\"attachment-woocommerce_thumbnail size-woocommerce_thumbnail\" alt=\"Lever de soleil sur le mont Sina\u00ef (mont Mo\u00efse)\" srcset=\"https:\/\/dreamsvoyage.com\/wp-content\/uploads\/2025\/08\/WhatsApp-Image-2025-07-30-at-18.22.41-1-200x200.jpeg 200w, https:\/\/dreamsvoyage.com\/wp-content\/uploads\/2025\/08\/WhatsApp-Image-2025-07-30-at-18.22.41-1-100x100.jpeg 100w, https:\/\/dreamsvoyage.com\/wp-content\/uploads\/2025\/08\/WhatsApp-Image-2025-07-30-at-18.22.41-1-150x150.jpeg 150w\" sizes=\"(max-width: 200px) 100vw, 200px\" title=\"Circuits Culturels\"><h2 class=\"woocommerce-loop-product__title\">Lever de soleil sur le mont Sina\u00ef (mont Mo\u00efse)<\/h2>\n\t<span class=\"price\"><del aria-hidden=\"true\"><span class=\"woocommerce-Price-amount amount\"><bdi>22,00&nbsp;<span class=\"woocommerce-Price-currencySymbol\">&euro;<\/span><\/bdi><\/span><\/del> <span class=\"screen-reader-text\">Le prix initial \u00e9tait\u00a0: 22,00&nbsp;&euro;.<\/span><ins aria-hidden=\"true\"><span class=\"woocommerce-Price-amount amount\"><bdi>20,00&nbsp;<span class=\"woocommerce-Price-currencySymbol\">&euro;<\/span><\/bdi><\/span><\/ins><span class=\"screen-reader-text\">Le prix actuel est\u00a0: 20,00&nbsp;&euro;.<\/span><\/span>\n<\/a><a href=\"\/fr\/wp-json\/wp\/v2\/pages\/9283?add-to-cart=9128\" aria-describedby=\"woocommerce_loop_add_to_cart_link_describedby_9128\" data-quantity=\"1\" class=\"button product_type_simple add_to_cart_button ajax_add_to_cart text_replaceable\" data-product_id=\"9128\" data-product_sku=\"\" aria-label=\"Ajouter au panier\u00a0: &ldquo;Lever de soleil sur le mont Sina\u00ef (mont Mo\u00efse)&rdquo;\" rel=\"nofollow\" data-success_message=\"\u00ab\u00a0Lever de soleil sur le mont Sina\u00ef (mont Mo\u00efse)\u00a0\u00bb a \u00e9t\u00e9 ajout\u00e9 \u00e0 votre panier\" data-product_price=\"20\" data-product_name=\"Lever de soleil sur le mont Sina\u00ef (mont Mo\u00efse)\" data-google_product_id=\"\" role=\"button\">Book Now<\/a>\t<span id=\"woocommerce_loop_add_to_cart_link_describedby_9128\" class=\"screen-reader-text\">\n\t\t\t<\/span>\n<\/li>\n<li class=\"desktop-align-left tablet-align-left mobile-align-left product type-product post-9352 status-publish last instock product_cat-non-categorise has-post-thumbnail sale virtual purchasable product-type-simple\">\n\t<a href=\"https:\/\/dreamsvoyage.com\/fr\/produit\/louxor-en-avion-depuis-sharm-el-sheikh\/\" class=\"woocommerce-LoopProduct-link woocommerce-loop-product__link\">\n\t<span  class=\"onsale\" data-notification=\"default\">Promo\u00a0!<\/span>\n\t<img loading=\"lazy\" decoding=\"async\" width=\"200\" height=\"200\" src=\"https:\/\/dreamsvoyage.com\/wp-content\/uploads\/2025\/08\/WhatsApp-Image-2025-07-30-at-18.43.39-200x200.jpeg\" class=\"attachment-woocommerce_thumbnail size-woocommerce_thumbnail\" alt=\"Louxor en avion depuis Sharm el Sheikh\" srcset=\"https:\/\/dreamsvoyage.com\/wp-content\/uploads\/2025\/08\/WhatsApp-Image-2025-07-30-at-18.43.39-200x200.jpeg 200w, https:\/\/dreamsvoyage.com\/wp-content\/uploads\/2025\/08\/WhatsApp-Image-2025-07-30-at-18.43.39-100x100.jpeg 100w, https:\/\/dreamsvoyage.com\/wp-content\/uploads\/2025\/08\/WhatsApp-Image-2025-07-30-at-18.43.39-150x150.jpeg 150w\" sizes=\"(max-width: 200px) 100vw, 200px\" title=\"Circuits Culturels\"><h2 class=\"woocommerce-loop-product__title\">Louxor en avion depuis Sharm el Sheikh<\/h2>\n\t<span class=\"price\"><del aria-hidden=\"true\"><span class=\"woocommerce-Price-amount amount\"><bdi>240,00&nbsp;<span class=\"woocommerce-Price-currencySymbol\">&euro;<\/span><\/bdi><\/span><\/del> <span class=\"screen-reader-text\">Le prix initial \u00e9tait\u00a0: 240,00&nbsp;&euro;.<\/span><ins aria-hidden=\"true\"><span class=\"woocommerce-Price-amount amount\"><bdi>200,00&nbsp;<span class=\"woocommerce-Price-currencySymbol\">&euro;<\/span><\/bdi><\/span><\/ins><span class=\"screen-reader-text\">Le prix actuel est\u00a0: 200,00&nbsp;&euro;.<\/span><\/span>\n<\/a><a href=\"\/fr\/wp-json\/wp\/v2\/pages\/9283?add-to-cart=9352\" aria-describedby=\"woocommerce_loop_add_to_cart_link_describedby_9352\" data-quantity=\"1\" class=\"button product_type_simple add_to_cart_button ajax_add_to_cart text_replaceable\" data-product_id=\"9352\" data-product_sku=\"\" aria-label=\"Ajouter au panier\u00a0: &ldquo;Louxor en avion depuis Sharm el Sheikh&rdquo;\" rel=\"nofollow\" data-success_message=\"\u00ab\u00a0Louxor en avion depuis Sharm el Sheikh\u00a0\u00bb a \u00e9t\u00e9 ajout\u00e9 \u00e0 votre panier\" data-product_price=\"200\" data-product_name=\"Louxor en avion depuis Sharm el Sheikh\" data-google_product_id=\"\" role=\"button\">Book Now<\/a>\t<span id=\"woocommerce_loop_add_to_cart_link_describedby_9352\" class=\"screen-reader-text\">\n\t\t\t<\/span>\n<\/li>\n<\/ul>\n<\/div><\/div>\n\t\t\t\t\t\t<\/div>\n\t\t\t\t<\/div>\n\t\t\t\t\t<\/div>\n\t\t\t\t<\/div>\n\t\t\t\t<\/div>\n\t\t","protected":false},"excerpt":{"rendered":"<p>Circuits Culturels<\/p>\n","protected":false},"author":1,"featured_media":0,"parent":0,"menu_order":0,"comment_status":"closed","ping_status":"closed","template":"","meta":{"site-sidebar-layout":"no-sidebar","site-content-layout":"page-builder","ast-site-content-layout":"full-width-container","site-content-style":"default","site-sidebar-style":"default","ast-global-header-display":"","ast-banner-title-visibility":"","ast-main-header-display":"","ast-hfb-above-header-display":"","ast-hfb-below-header-display":"","ast-hfb-mobile-header-display":"","site-post-title":"disabled","ast-breadcrumbs-content":"","ast-featured-img":"disabled","footer-sml-layout":"","ast-disable-related-posts":"","theme-transparent-header-meta":"","adv-header-id-meta":"","stick-header-meta":"","header-above-stick-meta":"","header-main-stick-meta":"","header-below-stick-meta":"","astra-migrate-meta-layouts":"default","ast-page-background-enabled":"default","ast-page-background-meta":{"desktop":{"background-color":"","background-image":"","background-repeat":"repeat","background-position":"center center","background-size":"auto","background-attachment":"scroll","background-type":"","background-media":"","overlay-type":"","overlay-color":"","overlay-opacity":"","overlay-gradient":""},"tablet":{"background-color":"","background-image":"","background-repeat":"repeat","background-position":"center center","background-size":"auto","background-attachment":"scroll","background-type":"","background-media":"","overlay-type":"","overlay-color":"","overlay-opacity":"","overlay-gradient":""},"mobile":{"background-color":"","background-image":"","background-repeat":"repeat","background-position":"center center","background-size":"auto","background-attachment":"scroll","background-type":"","background-media":"","overlay-type":"","overlay-color":"","overlay-opacity":"","overlay-gradient":""}},"ast-content-background-meta":{"desktop":{"background-color":"var(--ast-global-color-5)","background-image":"","background-repeat":"repeat","background-position":"center center","background-size":"auto","background-attachment":"scroll","background-type":"","background-media":"","overlay-type":"","overlay-color":"","overlay-opacity":"","overlay-gradient":""},"tablet":{"background-color":"var(--ast-global-color-5)","background-image":"","background-repeat":"repeat","background-position":"center center","background-size":"auto","background-attachment":"scroll","background-type":"","background-media":"","overlay-type":"","overlay-color":"","overlay-opacity":"","overlay-gradient":""},"mobile":{"background-color":"var(--ast-global-color-5)","background-image":"","background-repeat":"repeat","background-position":"center center","background-size":"auto","background-attachment":"scroll","background-type":"","background-media":"","overlay-type":"","overlay-color":"","overlay-opacity":"","overlay-gradient":""}},"footnotes":""},"class_list":["post-9283","page","type-page","status-publish","hentry"],"_links":{"self":[{"href":"https:\/\/dreamsvoyage.com\/fr\/wp-json\/wp\/v2\/pages\/9283","targetHints":{"allow":["GET"]}}],"collection":[{"href":"https:\/\/dreamsvoyage.com\/fr\/wp-json\/wp\/v2\/pages"}],"about":[{"href":"https:\/\/dreamsvoyage.com\/fr\/wp-json\/wp\/v2\/types\/page"}],"author":[{"embeddable":true,"href":"https:\/\/dreamsvoyage.com\/fr\/wp-json\/wp\/v2\/users\/1"}],"replies":[{"embeddable":true,"href":"https:\/\/dreamsvoyage.com\/fr\/wp-json\/wp\/v2\/comments?post=9283"}],"version-history":[{"count":1,"href":"https:\/\/dreamsvoyage.com\/fr\/wp-json\/wp\/v2\/pages\/9283\/revisions"}],"predecessor-version":[{"id":9285,"href":"https:\/\/dreamsvoyage.com\/fr\/wp-json\/wp\/v2\/pages\/9283\/revisions\/9285"}],"wp:attachment":[{"href":"https:\/\/dreamsvoyage.com\/fr\/wp-json\/wp\/v2\/media?parent=9283"}],"curies":[{"name":"wp","href":"https:\/\/api.w.org\/{rel}","templated":true}]}}